{"id":271,"date":"2025-01-28T10:55:11","date_gmt":"2025-01-28T09:55:11","guid":{"rendered":"https:\/\/bybellavista.fr\/?page_id=271"},"modified":"2025-01-28T10:55:12","modified_gmt":"2025-01-28T09:55:12","slug":"mentions-legales","status":"publish","type":"page","link":"https:\/\/bybellavista.fr\/index.php\/mentions-legales\/","title":{"rendered":"Mentions L\u00e9gales"},"content":{"rendered":"\n<hr class=\"wp-block-separator has-alpha-channel-opacity\"\/>\n\n\n\n<h1 class=\"wp-block-heading\"><\/h1>\n\n\n\n<p>Conform\u00e9ment aux dispositions des Articles 6-III et 19 de la Loi n\u00b02004-575 du 21 juin 2004 pour la Confiance dans l\u2019\u00e9conomie num\u00e9rique, dite L.C.E.N., il est port\u00e9 \u00e0 la connaissance des utilisateurs et visiteurs du site&nbsp;<strong>www.bybellavista.com<\/strong>&nbsp;les pr\u00e9sentes mentions l\u00e9gales.<\/p>\n\n\n\n<p>Le site&nbsp;<strong>www.bybellavista.com<\/strong>&nbsp;est accessible \u00e0 l\u2019adresse suivante :<\/p>\n\n\n\n<p><strong>www.bybellavista.com<\/strong>&nbsp;(ci-apr\u00e8s \u00ab&nbsp;le Site&nbsp;\u00bb). L\u2019acc\u00e8s et l\u2019utilisation du Site sont soumis aux pr\u00e9sentes \u00ab&nbsp;Mentions l\u00e9gales&nbsp;\u00bb d\u00e9taill\u00e9es ci-apr\u00e8s ainsi qu\u2019aux lois et\/ou r\u00e8glements applicables.<\/p>\n\n\n\n<p>La connexion, l\u2019utilisation et l\u2019acc\u00e8s \u00e0 ce Site impliquent l\u2019acceptation int\u00e9grale et sans r\u00e9serve de l\u2019internaute de toutes les dispositions des pr\u00e9sentes Mentions L\u00e9gales.<\/p>\n\n\n\n<p class=\"has-accent-color has-text-color has-link-color wp-elements-f3916f498a3dcc22735a2db92151048d\"><strong>ARTICLE 1 \u2013 INFORMATIONS L\u00c9GALES<\/strong><\/p>\n\n\n\n<p>En vertu de l\u2019Article 6 de la Loi n\u00b0 2004-575 du 21 juin 2004 pour la confiance dans l\u2019\u00e9conomie num\u00e9rique, il est pr\u00e9cis\u00e9 dans cet article l\u2019identit\u00e9 des diff\u00e9rents intervenants dans le cadre de sa r\u00e9alisation et de son suivi.<\/p>\n\n\n\n<p>Le site&nbsp;<strong>www.bybellavista.com<\/strong>&nbsp;est \u00e9dit\u00e9 par :<\/p>\n\n\n\n<p><strong>ByBellavista<\/strong><\/p>\n\n\n\n<p>Adresse e-mail :\u00a0<strong>bybellavista aronbase gmail point com<\/strong><\/p>\n\n\n\n<p>ci apr\u00e8s \u00ab&nbsp;l\u2019\u00c9diteur&nbsp;\u00bb<\/p>\n\n\n\n<p>Le Directeur de publication est :<\/p>\n\n\n\n<p><strong>ByBellavista<\/strong><\/p>\n\n\n\n<p>Adresse e-mail :\u00a0<strong><strong>bybellavista aronbase gmail point com<\/strong><\/strong><\/p>\n\n\n\n<p>ci apr\u00e8s \u00ab&nbsp;le Directeur de publication&nbsp;\u00bb<\/p>\n\n\n\n<p>Le site&nbsp;<strong>wwwbybellavista.com<\/strong>&nbsp;est h\u00e9berg\u00e9 par : OVH SAS<\/p>\n\n\n\n<p>OVH SAS est une filiale de la soci\u00e9t\u00e9 OVH Groupe SA, soci\u00e9t\u00e9 immatricul\u00e9e au RCS de Lille sous le num\u00e9ro 537 407 926 sise&nbsp;<strong>2, rue Kellermann, 59100 Roubaix<\/strong><\/p>\n\n\n\n<p>ci apr\u00e8s \u00ab&nbsp;l\u2019H\u00e9bergeur&nbsp;\u00bb<\/p>\n\n\n\n<p>Sont consid\u00e9r\u00e9s comme utilisateurs tout les internautes qui naviguent, lisent, visionnent et utilisent le site&nbsp;<strong>www.bybellavista.com<\/strong>.<\/p>\n\n\n\n<p>ci apr\u00e8s les \u00ab&nbsp;Utilisateurs&nbsp;\u00bb<\/p>\n\n\n\n<p class=\"has-accent-color has-text-color has-link-color wp-elements-a1c78aa51912b1f302768a91c7110013\"><strong>ARTICLE 2 \u2013 ACCESSIBILIT\u00c9<\/strong><\/p>\n\n\n\n<p>Le Site est par principe accessible aux utilisateurs 24\/24h et 7\/7j, sauf interruption, programm\u00e9e ou non, pour des besoins de maintenance ou en cas de force majeure.<\/p>\n\n\n\n<p>En cas d\u2019impossibilit\u00e9 d\u2019acc\u00e8s au Site, celui-ci s\u2019engage \u00e0 faire son maximum afin d\u2019en r\u00e9tablir l\u2019acc\u00e8s. Le Site ne saurait \u00eatre tenu pour responsable de tout dommage, quelle qu\u2019en soit la nature, r\u00e9sultant de son indisponibilit\u00e9.<\/p>\n\n\n\n<p class=\"has-accent-color has-text-color has-link-color wp-elements-0507aec037ae6dda25a5c8b1cda698f3\"><strong>ARTICLE 3 \u2013 COLLECTE DE DONN\u00c9ES ET LOI INFORMATIQUE ET LIBERT\u00c9S<\/strong><\/p>\n\n\n\n<p>Le site&nbsp;<strong>www.bybellavista.com<\/strong>&nbsp;est exempt\u00e9 de d\u00e9claration \u00e0 la Commission Nationale Informatique et Libert\u00e9s (CNIL) dans la mesure o\u00f9 il ne collecte aucune donn\u00e9e des Utilisateurs.<\/p>\n\n\n\n<p class=\"has-accent-color has-text-color has-link-color wp-elements-0bd0316ba0fa045548002e9d1a36c900\"><strong>ARTICLE 4 \u2013 POLITIQUE DE COOKIES<\/strong><\/p>\n\n\n\n<p>Le site&nbsp;<strong>www.bybellavista.com<\/strong>&nbsp;a \u00e9ventuellement recours aux techniques de \u00ab&nbsp;cookies&nbsp;\u00bb lui permettant de traiter des statistiques et des informations sur le trafic, de faciliter la navigation et d\u2019am\u00e9liorer le service pour le confort de l\u2019Utilisateur.<\/p>\n\n\n\n<p>Conform\u00e9ment \u00e0 la l\u00e9gislation europ\u00e9enne, le site&nbsp;<strong>www.bybellavista.com<\/strong>&nbsp;a mis \u00e0 jour sa politique de confidentialit\u00e9 en mati\u00e8re de cookies. L\u2019Utilisateur est libre d\u2019accepter ou de refuser les cookies de tous les sites internet en modifiant les param\u00e8tres de son navigateur internet.<\/p>\n\n\n\n<p class=\"has-accent-color has-text-color has-link-color wp-elements-9bbc250989fe5db53e6f0ae62258cf78\"><strong>ARTICLE 5 \u2013 LOI APPLICABLE ET JURIDICTION<\/strong><\/p>\n\n\n\n<p>Les pr\u00e9sentes Mentions L\u00e9gales sont r\u00e9gies par la loi fran\u00e7aise. En cas de diff\u00e9rend et \u00e0 d\u00e9faut d\u2019accord amiable, le litige sera port\u00e9 devant les tribunaux fran\u00e7ais conform\u00e9ment aux r\u00e8gles de comp\u00e9tence en vigueur.<\/p>\n\n\n\n<p class=\"has-accent-color has-text-color has-link-color wp-elements-d2f0956f388771351f6868a14d528ad7\"><strong>ARTICLE 6 \u2013 CONTACT<\/strong><\/p>\n\n\n\n<p>Pour tout signalement de contenus ou d\u2019activit\u00e9s illicites, l\u2019Utilisateur peut contacter l\u2019\u00c9diteur \u00e0 l\u2019adresse suivante :\u00a0<strong>bybellavista aronbase gmail point com<\/strong>, ou par courrier recommand\u00e9 avec accus\u00e9 de r\u00e9ception adress\u00e9 \u00e0 l\u2019\u00c9diteur aux coordonn\u00e9es pr\u00e9cis\u00e9es dans les pr\u00e9sentes mentions l\u00e9gales. Le site\u00a0<strong>www.bybellavista.com<\/strong>\u00a0vous souhaite une excellente navigation !<\/p>\n","protected":false},"excerpt":{"rendered":"<p>Conform\u00e9ment aux dispositions des Articles 6-III et 19 de la Loi n\u00b02004-575 du 21 juin 2004 pour la Confiance dans l\u2019\u00e9conomie num\u00e9rique, dite L.C.E.N., il est port\u00e9 \u00e0 la connaissance des utilisateurs et visiteurs du site&nbsp;www.bybellavista.com&nbsp;les pr\u00e9sentes mentions l\u00e9gales. Le site&nbsp;www.bybellavista.com&nbsp;est accessible \u00e0 l\u2019adresse suivante : www.bybellavista.com&nbsp;(ci-apr\u00e8s \u00ab&nbsp;le Site&nbsp;\u00bb). L\u2019acc\u00e8s et l\u2019utilisation du Site sont &#8230; <a title=\"Mentions L\u00e9gales\" class=\"read-more\" href=\"https:\/\/bybellavista.fr\/index.php\/mentions-legales\/\" aria-label=\"En savoir plus sur Mentions L\u00e9gales\">Lire la suite<\/a><\/p>\n","protected":false},"author":1,"featured_media":0,"parent":0,"menu_order":0,"comment_status":"closed","ping_status":"closed","template":"","meta":{"footnotes":""},"class_list":["post-271","page","type-page","status-publish"],"yoast_head":"<!-- This site is optimized with the Yoast SEO plugin v27.0 - https:\/\/yoast.com\/product\/yoast-seo-wordpress\/ -->\n<title>Mentions L\u00e9gales - ByBellavista<\/title>\n<meta name=\"robots\" content=\"index, follow, max-snippet:-1, max-image-preview:large, max-video-preview:-1\" \/>\n<link rel=\"canonical\" href=\"https:\/\/bybellavista.fr\/index.php\/mentions-legales\/\" \/>\n<meta property=\"og:locale\" content=\"fr_FR\" \/>\n<meta property=\"og:type\" content=\"article\" \/>\n<meta property=\"og:title\" content=\"Mentions L\u00e9gales - ByBellavista\" \/>\n<meta property=\"og:description\" content=\"Conform\u00e9ment aux dispositions des Articles 6-III et 19 de la Loi n\u00b02004-575 du 21 juin 2004 pour la Confiance dans l\u2019\u00e9conomie num\u00e9rique, dite L.C.E.N., il est port\u00e9 \u00e0 la connaissance des utilisateurs et visiteurs du site&nbsp;www.bybellavista.com&nbsp;les pr\u00e9sentes mentions l\u00e9gales. Le site&nbsp;www.bybellavista.com&nbsp;est accessible \u00e0 l\u2019adresse suivante : www.bybellavista.com&nbsp;(ci-apr\u00e8s \u00ab&nbsp;le Site&nbsp;\u00bb). L\u2019acc\u00e8s et l\u2019utilisation du Site sont ... Lire la suite\" \/>\n<meta property=\"og:url\" content=\"https:\/\/bybellavista.fr\/index.php\/mentions-legales\/\" \/>\n<meta property=\"og:site_name\" content=\"ByBellavista\" \/>\n<meta property=\"article:publisher\" content=\"https:\/\/www.facebook.com\/bellavista.deargeles\" \/>\n<meta property=\"article:modified_time\" content=\"2025-01-28T09:55:12+00:00\" \/>\n<meta name=\"twitter:card\" content=\"summary_large_image\" \/>\n<meta name=\"twitter:label1\" content=\"Dur\u00e9e de lecture estim\u00e9e\" \/>\n\t<meta name=\"twitter:data1\" content=\"3 minutes\" \/>\n<script type=\"application\/ld+json\" class=\"yoast-schema-graph\">{\"@context\":\"https:\/\/schema.org\",\"@graph\":[{\"@type\":\"WebPage\",\"@id\":\"https:\/\/bybellavista.fr\/index.php\/mentions-legales\/\",\"url\":\"https:\/\/bybellavista.fr\/index.php\/mentions-legales\/\",\"name\":\"Mentions L\u00e9gales - ByBellavista\",\"isPartOf\":{\"@id\":\"https:\/\/bybellavista.fr\/#website\"},\"datePublished\":\"2025-01-28T09:55:11+00:00\",\"dateModified\":\"2025-01-28T09:55:12+00:00\",\"breadcrumb\":{\"@id\":\"https:\/\/bybellavista.fr\/index.php\/mentions-legales\/#breadcrumb\"},\"inLanguage\":\"fr-FR\",\"potentialAction\":[{\"@type\":\"ReadAction\",\"target\":[\"https:\/\/bybellavista.fr\/index.php\/mentions-legales\/\"]}]},{\"@type\":\"BreadcrumbList\",\"@id\":\"https:\/\/bybellavista.fr\/index.php\/mentions-legales\/#breadcrumb\",\"itemListElement\":[{\"@type\":\"ListItem\",\"position\":1,\"name\":\"Accueil\",\"item\":\"https:\/\/bybellavista.fr\/\"},{\"@type\":\"ListItem\",\"position\":2,\"name\":\"Mentions L\u00e9gales\"}]},{\"@type\":\"WebSite\",\"@id\":\"https:\/\/bybellavista.fr\/#website\",\"url\":\"https:\/\/bybellavista.fr\/\",\"name\":\"ByBellavista\",\"description\":\"R\u00eaver, S&#039;\u00e9vader, Vivre\",\"publisher\":{\"@id\":\"https:\/\/bybellavista.fr\/#organization\"},\"potentialAction\":[{\"@type\":\"SearchAction\",\"target\":{\"@type\":\"EntryPoint\",\"urlTemplate\":\"https:\/\/bybellavista.fr\/?s={search_term_string}\"},\"query-input\":{\"@type\":\"PropertyValueSpecification\",\"valueRequired\":true,\"valueName\":\"search_term_string\"}}],\"inLanguage\":\"fr-FR\"},{\"@type\":\"Organization\",\"@id\":\"https:\/\/bybellavista.fr\/#organization\",\"name\":\"ByBellavista\",\"url\":\"https:\/\/bybellavista.fr\/\",\"logo\":{\"@type\":\"ImageObject\",\"inLanguage\":\"fr-FR\",\"@id\":\"https:\/\/bybellavista.fr\/#\/schema\/logo\/image\/\",\"url\":\"https:\/\/bybellavista.fr\/wp-content\/uploads\/2025\/01\/cropped-Logo-ByB-Small.png\",\"contentUrl\":\"https:\/\/bybellavista.fr\/wp-content\/uploads\/2025\/01\/cropped-Logo-ByB-Small.png\",\"width\":100,\"height\":85,\"caption\":\"ByBellavista\"},\"image\":{\"@id\":\"https:\/\/bybellavista.fr\/#\/schema\/logo\/image\/\"},\"sameAs\":[\"https:\/\/www.facebook.com\/bellavista.deargeles\"]}]}<\/script>\n<!-- \/ Yoast SEO plugin. -->","yoast_head_json":{"title":"Mentions L\u00e9gales - ByBellavista","robots":{"index":"index","follow":"follow","max-snippet":"max-snippet:-1","max-image-preview":"max-image-preview:large","max-video-preview":"max-video-preview:-1"},"canonical":"https:\/\/bybellavista.fr\/index.php\/mentions-legales\/","og_locale":"fr_FR","og_type":"article","og_title":"Mentions L\u00e9gales - ByBellavista","og_description":"Conform\u00e9ment aux dispositions des Articles 6-III et 19 de la Loi n\u00b02004-575 du 21 juin 2004 pour la Confiance dans l\u2019\u00e9conomie num\u00e9rique, dite L.C.E.N., il est port\u00e9 \u00e0 la connaissance des utilisateurs et visiteurs du site&nbsp;www.bybellavista.com&nbsp;les pr\u00e9sentes mentions l\u00e9gales. Le site&nbsp;www.bybellavista.com&nbsp;est accessible \u00e0 l\u2019adresse suivante : www.bybellavista.com&nbsp;(ci-apr\u00e8s \u00ab&nbsp;le Site&nbsp;\u00bb). L\u2019acc\u00e8s et l\u2019utilisation du Site sont ... Lire la suite","og_url":"https:\/\/bybellavista.fr\/index.php\/mentions-legales\/","og_site_name":"ByBellavista","article_publisher":"https:\/\/www.facebook.com\/bellavista.deargeles","article_modified_time":"2025-01-28T09:55:12+00:00","twitter_card":"summary_large_image","twitter_misc":{"Dur\u00e9e de lecture estim\u00e9e":"3 minutes"},"schema":{"@context":"https:\/\/schema.org","@graph":[{"@type":"WebPage","@id":"https:\/\/bybellavista.fr\/index.php\/mentions-legales\/","url":"https:\/\/bybellavista.fr\/index.php\/mentions-legales\/","name":"Mentions L\u00e9gales - ByBellavista","isPartOf":{"@id":"https:\/\/bybellavista.fr\/#website"},"datePublished":"2025-01-28T09:55:11+00:00","dateModified":"2025-01-28T09:55:12+00:00","breadcrumb":{"@id":"https:\/\/bybellavista.fr\/index.php\/mentions-legales\/#breadcrumb"},"inLanguage":"fr-FR","potentialAction":[{"@type":"ReadAction","target":["https:\/\/bybellavista.fr\/index.php\/mentions-legales\/"]}]},{"@type":"BreadcrumbList","@id":"https:\/\/bybellavista.fr\/index.php\/mentions-legales\/#breadcrumb","itemListElement":[{"@type":"ListItem","position":1,"name":"Accueil","item":"https:\/\/bybellavista.fr\/"},{"@type":"ListItem","position":2,"name":"Mentions L\u00e9gales"}]},{"@type":"WebSite","@id":"https:\/\/bybellavista.fr\/#website","url":"https:\/\/bybellavista.fr\/","name":"ByBellavista","description":"R\u00eaver, S&#039;\u00e9vader, Vivre","publisher":{"@id":"https:\/\/bybellavista.fr\/#organization"},"potentialAction":[{"@type":"SearchAction","target":{"@type":"EntryPoint","urlTemplate":"https:\/\/bybellavista.fr\/?s={search_term_string}"},"query-input":{"@type":"PropertyValueSpecification","valueRequired":true,"valueName":"search_term_string"}}],"inLanguage":"fr-FR"},{"@type":"Organization","@id":"https:\/\/bybellavista.fr\/#organization","name":"ByBellavista","url":"https:\/\/bybellavista.fr\/","logo":{"@type":"ImageObject","inLanguage":"fr-FR","@id":"https:\/\/bybellavista.fr\/#\/schema\/logo\/image\/","url":"https:\/\/bybellavista.fr\/wp-content\/uploads\/2025\/01\/cropped-Logo-ByB-Small.png","contentUrl":"https:\/\/bybellavista.fr\/wp-content\/uploads\/2025\/01\/cropped-Logo-ByB-Small.png","width":100,"height":85,"caption":"ByBellavista"},"image":{"@id":"https:\/\/bybellavista.fr\/#\/schema\/logo\/image\/"},"sameAs":["https:\/\/www.facebook.com\/bellavista.deargeles"]}]}},"_links":{"self":[{"href":"https:\/\/bybellavista.fr\/index.php\/wp-json\/wp\/v2\/pages\/271","targetHints":{"allow":["GET"]}}],"collection":[{"href":"https:\/\/bybellavista.fr\/index.php\/wp-json\/wp\/v2\/pages"}],"about":[{"href":"https:\/\/bybellavista.fr\/index.php\/wp-json\/wp\/v2\/types\/page"}],"author":[{"embeddable":true,"href":"https:\/\/bybellavista.fr\/index.php\/wp-json\/wp\/v2\/users\/1"}],"replies":[{"embeddable":true,"href":"https:\/\/bybellavista.fr\/index.php\/wp-json\/wp\/v2\/comments?post=271"}],"version-history":[{"count":1,"href":"https:\/\/bybellavista.fr\/index.php\/wp-json\/wp\/v2\/pages\/271\/revisions"}],"predecessor-version":[{"id":272,"href":"https:\/\/bybellavista.fr\/index.php\/wp-json\/wp\/v2\/pages\/271\/revisions\/272"}],"wp:attachment":[{"href":"https:\/\/bybellavista.fr\/index.php\/wp-json\/wp\/v2\/media?parent=271"}],"curies":[{"name":"wp","href":"https:\/\/api.w.org\/{rel}","templated":true}]}}