{"id":273,"date":"2025-01-28T10:57:46","date_gmt":"2025-01-28T09:57:46","guid":{"rendered":"https:\/\/bybellavista.fr\/?page_id=273"},"modified":"2025-01-28T10:57:47","modified_gmt":"2025-01-28T09:57:47","slug":"conditions-generales","status":"publish","type":"page","link":"https:\/\/bybellavista.fr\/index.php\/conditions-generales\/","title":{"rendered":"Conditions G\u00e9n\u00e9rales"},"content":{"rendered":"\n<hr class=\"wp-block-separator has-alpha-channel-opacity\"\/>\n\n\n\n<p class=\"has-accent-color has-text-color has-link-color wp-elements-ad6089a7e45543f529b1f87fca557e85\"><strong>ByBellavista<\/strong><\/p>\n\n\n\n<p>Adresse du courrier \u00e9lectronique :\u00a0<strong>bybellavista aronbase gmail point com<\/strong><\/p>\n\n\n\n<p>Conditions g\u00e9n\u00e9rales de vente des produits vendus sur&nbsp;<strong>www.bybellavista.com<\/strong><\/p>\n\n\n\n<p>Date de derni\u00e8re mise \u00e0 jour 20\/05\/2023<\/p>\n\n\n\n<h4 class=\"wp-block-heading has-accent-color has-text-color has-link-color wp-elements-ba12b5480d8a6879d122deb0c50bea0f\">Article 1 \u2013 Objet<\/h4>\n\n\n\n<p>Les pr\u00e9sentes conditions r\u00e9gissent les ventes par&nbsp;<strong>ByBellavista&nbsp;<\/strong>de nuit\u00e9es d\u2019appartements meubl\u00e9s de courte dur\u00e9e.<\/p>\n\n\n\n<h4 class=\"wp-block-heading has-accent-color has-text-color has-link-color wp-elements-f00854806908a925955f6860d27464dd\">Article 2 \u2013 Prix<\/h4>\n\n\n\n<p>En cas de commande vers un pays autre que la France m\u00e9tropolitaine vous \u00eates l\u2019importateur du ou des produits concern\u00e9s. Des droits\/frais de changes ou autres taxes locales ou taxes d\u2019\u00e9tat sont susceptibles d\u2019\u00eatre exigibles.<\/p>\n\n\n\n<p>Ces droits et sommes ne rel\u00e8vent pas du ressort de&nbsp;<strong>ByBellavista<\/strong>. Ils seront \u00e0 votre charge et rel\u00e8vent de votre enti\u00e8re responsabilit\u00e9, tant en termes de d\u00e9clarations que de paiements aux autorit\u00e9s et organismes comp\u00e9tents de votre pays. Nous vous conseillons de vous renseigner sur ces aspects aupr\u00e8s de vos autorit\u00e9s locales.<\/p>\n\n\n\n<p>Toutes les commandes quelle que soit leur origine sont payables en euros.<\/p>\n\n\n\n<p><strong>ByBellavista&nbsp;<\/strong>se r\u00e9serve le droit de modifier ses prix \u00e0 tout moment, mais le produit sera factur\u00e9 sur la base du tarif en vigueur au moment de la validation de la commande et sous r\u00e9serve de disponibilit\u00e9.<\/p>\n\n\n\n<p>Les produits demeurent la propri\u00e9t\u00e9 de&nbsp;<strong>ByBellavista&nbsp;<\/strong>y compris lors du s\u00e9jour des locataires.<\/p>\n\n\n\n<p>Attention : d\u00e8s que le locataire prend possession des lieux (entr\u00e9e dans l\u2019appartement), la responsabilit\u00e9 des \u00e9ventuels dommages caus\u00e9s dans l\u2019appartement lui est transf\u00e9r\u00e9e.<\/p>\n\n\n\n<h4 class=\"wp-block-heading has-accent-color has-text-color has-link-color wp-elements-f8605da52ead253b3e2f48bfe61a7d70\">Article 3 \u2013 Commandes<\/h4>\n\n\n\n<p>Vous pouvez passer commande :<\/p>\n\n\n\n<p>D\u00e9tailler les modalit\u00e9s choisies, par exemple :<\/p>\n\n\n\n<p>Sur Internet :&nbsp;<strong>www.bybellavista.com<\/strong><\/p>\n\n\n\n<p>Par mail :&nbsp;<strong>bybellavista @ gmail.com<\/strong><\/p>\n\n\n\n<p>Sur les sites d\u2019annonces www.airbnb.com, www.booking.com, www.leboncoin.fr, www.homelidays.com, et autres sites d\u2019annonces de location d\u2019appartement meubl\u00e9s de courte dur\u00e9e<\/p>\n\n\n\n<p>Les informations contractuelles sont pr\u00e9sent\u00e9es en langue fran\u00e7aise et feront l\u2019objet d\u2019une confirmation au plus tard au moment de la validation de votre commande.<\/p>\n\n\n\n<p><strong>ByBellavista&nbsp;<\/strong>se r\u00e9serve le droit de ne pas enregistrer un paiement, et de ne pas confirmer une commande pour quelque raison que ce soit, et plus particuli\u00e8rement en cas de probl\u00e8me de disponibilit\u00e9, ou en cas de difficult\u00e9 concernant la commande re\u00e7ue.<\/p>\n\n\n\n<h4 class=\"wp-block-heading has-accent-color has-text-color has-link-color wp-elements-f14f50292cb33134ea5d90d5a90f8495\">Article 4 \u2013 Validation de votre commande<\/h4>\n\n\n\n<p>Toute commande figurant sur le site Internet&nbsp;<strong>www.bybellavista.com<\/strong>&nbsp;suppose l\u2019adh\u00e9sion aux pr\u00e9sentes Conditions G\u00e9n\u00e9rales. Toute confirmation de commande entra\u00eene votre adh\u00e9sion pleine et enti\u00e8re aux pr\u00e9sentes conditions g\u00e9n\u00e9rales de vente, sans exception ni r\u00e9serve.<\/p>\n\n\n\n<p>L\u2019ensemble des donn\u00e9es fournies et la confirmation enregistr\u00e9e vaudront preuve de la transaction.<\/p>\n\n\n\n<p>Vous d\u00e9clarez en avoir parfaite connaissance.<\/p>\n\n\n\n<p>La confirmation de commande vaudra signature et acceptation des op\u00e9rations effectu\u00e9es.<\/p>\n\n\n\n<p>Un r\u00e9capitulatif des informations de votre commande vous sera communiqu\u00e9 via l\u2019adresse e-mail de confirmation de votre commande.<\/p>\n\n\n\n<h4 class=\"wp-block-heading has-accent-color has-text-color has-link-color wp-elements-62a4bfc258c866b311c0cfac8ba249bd\">Article 5 \u2013 Paiement<\/h4>\n\n\n\n<p>Le payement s\u2019effectue par virement bancaire, ch\u00e8que ou Paypal.<\/p>\n\n\n\n<h4 class=\"wp-block-heading has-accent-color has-text-color has-link-color wp-elements-3f19a7c4c120c642a5da3eaa7ba74d37\">Article 6 \u2013 Conditions d\u2019annulation<\/h4>\n\n\n\n<p>Toute r\u00e9servation est d\u00e9finitive et non remboursable.<\/p>\n\n\n\n<h4 class=\"wp-block-heading has-accent-color has-text-color has-link-color wp-elements-31061e4d53a5a93aa682837d0dcfabb8\">Article 7- Disponibilit\u00e9<\/h4>\n\n\n\n<p>Nos produits sont propos\u00e9s et c\u2019est en nous contactant que nous vous donnerons la disponibilit\u00e9.<\/p>\n\n\n\n<h4 class=\"wp-block-heading has-accent-color has-text-color has-link-color wp-elements-023671d2c461b63d6265cf7c957f686c\">Article 8 \u2013 Responsabilit\u00e9<\/h4>\n\n\n\n<p>Les produits propos\u00e9s sont conformes \u00e0 la l\u00e9gislation fran\u00e7aise en vigueur.<\/p>\n\n\n\n<p><strong>ByBellavista&nbsp;<\/strong>ne saurait \u00eatre tenue pour responsable des dommages r\u00e9sultant d\u2019une mauvaise utilisation du produit achet\u00e9.<\/p>\n\n\n\n<p>Enfin la responsabilit\u00e9 de&nbsp;<strong>ByBellavista&nbsp;<\/strong>ne saurait \u00eatre engag\u00e9e pour tous les inconv\u00e9nients ou dommages inh\u00e9rents \u00e0 l\u2019utilisation du r\u00e9seau Internet, notamment une rupture de service, une intrusion ext\u00e9rieure ou la pr\u00e9sence de virus informatiques.<\/p>\n\n\n\n<h4 class=\"wp-block-heading has-accent-color has-text-color has-link-color wp-elements-5845810a1017358b726141d99843d308\">Article 9 \u2013 Droit applicable en cas de litiges<\/h4>\n\n\n\n<p>La langue du pr\u00e9sent contrat est la langue fran\u00e7aise. Les pr\u00e9sentes conditions de vente sont soumises \u00e0 la loi fran\u00e7aise. En cas de litige, les tribunaux fran\u00e7ais seront les seuls comp\u00e9tents.<\/p>\n\n\n\n<h4 class=\"wp-block-heading has-accent-color has-text-color has-link-color wp-elements-7d8daf73ed3106e2d4f5a7a067aee8b0\">Article 10 \u2013 Propri\u00e9t\u00e9 intellectuelle<\/h4>\n\n\n\n<p>Tous les \u00e9l\u00e9ments du site&nbsp;<strong>www.bybellavista.com<\/strong>&nbsp;sont et restent la propri\u00e9t\u00e9 intellectuelle et exclusive de&nbsp;<strong>ByBellavista<\/strong>.<\/p>\n\n\n\n<p>Nul n\u2019est autoris\u00e9 \u00e0 reproduire, exploiter, rediffuser, ou utiliser \u00e0 quelques titres que ce soit, m\u00eame partiellement, des \u00e9l\u00e9ments du site qu\u2019ils soient logiciels, visuels ou sonores. Tout lien simple ou par hypertexte est strictement interdit sans un accord \u00e9crit expr\u00e8s de&nbsp;<strong>ByBellavista<\/strong>.<\/p>\n\n\n\n<h4 class=\"wp-block-heading has-accent-color has-text-color has-link-color wp-elements-45b566c4f760f1938d605f507db8cfc0\">Article 11 \u2013 Donn\u00e9es personnelles<\/h4>\n\n\n\n<p><strong>ByBellavista&nbsp;<\/strong>se r\u00e9serve le droit de collecter les informations nominatives et les donn\u00e9es personnelles vous concernant. Elles sont n\u00e9cessaires \u00e0 la gestion de votre commande, ainsi qu\u2019\u00e0 l\u2019am\u00e9lioration des services et des informations que nous vous adressons.<\/p>\n\n\n\n<p>Elles peuvent aussi \u00eatre transmises aux soci\u00e9t\u00e9s qui contribuent \u00e0 ces relations, telles que celles charg\u00e9es de l\u2019ex\u00e9cution des services et commandes pour leur gestion, ex\u00e9cution, traitement et paiement.<\/p>\n\n\n\n<p>Ces informations et donn\u00e9es sont \u00e9galement conserv\u00e9es \u00e0 des fins de s\u00e9curit\u00e9, afin de respecter les obligations l\u00e9gales et r\u00e9glementaires.<\/p>\n\n\n\n<p>Conform\u00e9ment \u00e0 la loi du 6 janvier 1978, vous disposez d\u2019un droit d\u2019acc\u00e8s, de rectification et d\u2019opposition aux informations nominatives et aux donn\u00e9es personnelles vous concernant, directement sur le site Internet.<\/p>\n\n\n\n<h4 class=\"wp-block-heading has-accent-color has-text-color has-link-color wp-elements-ae434ec712a2a599d99f6b385f06b2cf\">Article 12 \u2013 Archivage Preuve<\/h4>\n\n\n\n<p><strong>ByBellavista&nbsp;<\/strong>archivera les contrats de location et les factures \u00e9mises sur un support fiable et durable constituant une copie fid\u00e8le conform\u00e9ment aux dispositions de l\u2019article 1348 du Code civil.<\/p>\n\n\n\n<p>Les registres informatis\u00e9s de&nbsp;<strong>ByBellavista&nbsp;<\/strong>seront consid\u00e9r\u00e9s par toutes les parties concern\u00e9es comme preuve des communications, commandes, paiements et transactions intervenus entre les parties.<\/p>\n\n\n\n<p><\/p>\n","protected":false},"excerpt":{"rendered":"<p>ByBellavista Adresse du courrier \u00e9lectronique :\u00a0bybellavista aronbase gmail point com Conditions g\u00e9n\u00e9rales de vente des produits vendus sur&nbsp;www.bybellavista.com Date de derni\u00e8re mise \u00e0 jour 20\/05\/2023 Article 1 \u2013 Objet Les pr\u00e9sentes conditions r\u00e9gissent les ventes par&nbsp;ByBellavista&nbsp;de nuit\u00e9es d\u2019appartements meubl\u00e9s de courte dur\u00e9e. Article 2 \u2013 Prix En cas de commande vers un pays autre que &#8230; <a title=\"Conditions G\u00e9n\u00e9rales\" class=\"read-more\" href=\"https:\/\/bybellavista.fr\/index.php\/conditions-generales\/\" aria-label=\"En savoir plus sur Conditions G\u00e9n\u00e9rales\">Lire la suite<\/a><\/p>\n","protected":false},"author":1,"featured_media":0,"parent":0,"menu_order":0,"comment_status":"closed","ping_status":"closed","template":"","meta":{"footnotes":""},"class_list":["post-273","page","type-page","status-publish"],"yoast_head":"<!-- This site is optimized with the Yoast SEO plugin v27.0 - https:\/\/yoast.com\/product\/yoast-seo-wordpress\/ -->\n<title>Conditions G\u00e9n\u00e9rales - ByBellavista<\/title>\n<meta name=\"robots\" content=\"index, follow, max-snippet:-1, max-image-preview:large, max-video-preview:-1\" \/>\n<link rel=\"canonical\" href=\"https:\/\/bybellavista.fr\/index.php\/conditions-generales\/\" \/>\n<meta property=\"og:locale\" content=\"fr_FR\" \/>\n<meta property=\"og:type\" content=\"article\" \/>\n<meta property=\"og:title\" content=\"Conditions G\u00e9n\u00e9rales - ByBellavista\" \/>\n<meta property=\"og:description\" content=\"ByBellavista Adresse du courrier \u00e9lectronique :\u00a0bybellavista aronbase gmail point com Conditions g\u00e9n\u00e9rales de vente des produits vendus sur&nbsp;www.bybellavista.com Date de derni\u00e8re mise \u00e0 jour 20\/05\/2023 Article 1 \u2013 Objet Les pr\u00e9sentes conditions r\u00e9gissent les ventes par&nbsp;ByBellavista&nbsp;de nuit\u00e9es d\u2019appartements meubl\u00e9s de courte dur\u00e9e. Article 2 \u2013 Prix En cas de commande vers un pays autre que ... Lire la suite\" \/>\n<meta property=\"og:url\" content=\"https:\/\/bybellavista.fr\/index.php\/conditions-generales\/\" \/>\n<meta property=\"og:site_name\" content=\"ByBellavista\" \/>\n<meta property=\"article:publisher\" content=\"https:\/\/www.facebook.com\/bellavista.deargeles\" \/>\n<meta property=\"article:modified_time\" content=\"2025-01-28T09:57:47+00:00\" \/>\n<meta name=\"twitter:card\" content=\"summary_large_image\" \/>\n<meta name=\"twitter:label1\" content=\"Dur\u00e9e de lecture estim\u00e9e\" \/>\n\t<meta name=\"twitter:data1\" content=\"5 minutes\" \/>\n<script type=\"application\/ld+json\" class=\"yoast-schema-graph\">{\"@context\":\"https:\/\/schema.org\",\"@graph\":[{\"@type\":\"WebPage\",\"@id\":\"https:\/\/bybellavista.fr\/index.php\/conditions-generales\/\",\"url\":\"https:\/\/bybellavista.fr\/index.php\/conditions-generales\/\",\"name\":\"Conditions G\u00e9n\u00e9rales - ByBellavista\",\"isPartOf\":{\"@id\":\"https:\/\/bybellavista.fr\/#website\"},\"datePublished\":\"2025-01-28T09:57:46+00:00\",\"dateModified\":\"2025-01-28T09:57:47+00:00\",\"breadcrumb\":{\"@id\":\"https:\/\/bybellavista.fr\/index.php\/conditions-generales\/#breadcrumb\"},\"inLanguage\":\"fr-FR\",\"potentialAction\":[{\"@type\":\"ReadAction\",\"target\":[\"https:\/\/bybellavista.fr\/index.php\/conditions-generales\/\"]}]},{\"@type\":\"BreadcrumbList\",\"@id\":\"https:\/\/bybellavista.fr\/index.php\/conditions-generales\/#breadcrumb\",\"itemListElement\":[{\"@type\":\"ListItem\",\"position\":1,\"name\":\"Accueil\",\"item\":\"https:\/\/bybellavista.fr\/\"},{\"@type\":\"ListItem\",\"position\":2,\"name\":\"Conditions G\u00e9n\u00e9rales\"}]},{\"@type\":\"WebSite\",\"@id\":\"https:\/\/bybellavista.fr\/#website\",\"url\":\"https:\/\/bybellavista.fr\/\",\"name\":\"ByBellavista\",\"description\":\"R\u00eaver, S&#039;\u00e9vader, Vivre\",\"publisher\":{\"@id\":\"https:\/\/bybellavista.fr\/#organization\"},\"potentialAction\":[{\"@type\":\"SearchAction\",\"target\":{\"@type\":\"EntryPoint\",\"urlTemplate\":\"https:\/\/bybellavista.fr\/?s={search_term_string}\"},\"query-input\":{\"@type\":\"PropertyValueSpecification\",\"valueRequired\":true,\"valueName\":\"search_term_string\"}}],\"inLanguage\":\"fr-FR\"},{\"@type\":\"Organization\",\"@id\":\"https:\/\/bybellavista.fr\/#organization\",\"name\":\"ByBellavista\",\"url\":\"https:\/\/bybellavista.fr\/\",\"logo\":{\"@type\":\"ImageObject\",\"inLanguage\":\"fr-FR\",\"@id\":\"https:\/\/bybellavista.fr\/#\/schema\/logo\/image\/\",\"url\":\"https:\/\/bybellavista.fr\/wp-content\/uploads\/2025\/01\/cropped-Logo-ByB-Small.png\",\"contentUrl\":\"https:\/\/bybellavista.fr\/wp-content\/uploads\/2025\/01\/cropped-Logo-ByB-Small.png\",\"width\":100,\"height\":85,\"caption\":\"ByBellavista\"},\"image\":{\"@id\":\"https:\/\/bybellavista.fr\/#\/schema\/logo\/image\/\"},\"sameAs\":[\"https:\/\/www.facebook.com\/bellavista.deargeles\"]}]}<\/script>\n<!-- \/ Yoast SEO plugin. -->","yoast_head_json":{"title":"Conditions G\u00e9n\u00e9rales - ByBellavista","robots":{"index":"index","follow":"follow","max-snippet":"max-snippet:-1","max-image-preview":"max-image-preview:large","max-video-preview":"max-video-preview:-1"},"canonical":"https:\/\/bybellavista.fr\/index.php\/conditions-generales\/","og_locale":"fr_FR","og_type":"article","og_title":"Conditions G\u00e9n\u00e9rales - ByBellavista","og_description":"ByBellavista Adresse du courrier \u00e9lectronique :\u00a0bybellavista aronbase gmail point com Conditions g\u00e9n\u00e9rales de vente des produits vendus sur&nbsp;www.bybellavista.com Date de derni\u00e8re mise \u00e0 jour 20\/05\/2023 Article 1 \u2013 Objet Les pr\u00e9sentes conditions r\u00e9gissent les ventes par&nbsp;ByBellavista&nbsp;de nuit\u00e9es d\u2019appartements meubl\u00e9s de courte dur\u00e9e. Article 2 \u2013 Prix En cas de commande vers un pays autre que ... Lire la suite","og_url":"https:\/\/bybellavista.fr\/index.php\/conditions-generales\/","og_site_name":"ByBellavista","article_publisher":"https:\/\/www.facebook.com\/bellavista.deargeles","article_modified_time":"2025-01-28T09:57:47+00:00","twitter_card":"summary_large_image","twitter_misc":{"Dur\u00e9e de lecture estim\u00e9e":"5 minutes"},"schema":{"@context":"https:\/\/schema.org","@graph":[{"@type":"WebPage","@id":"https:\/\/bybellavista.fr\/index.php\/conditions-generales\/","url":"https:\/\/bybellavista.fr\/index.php\/conditions-generales\/","name":"Conditions G\u00e9n\u00e9rales - ByBellavista","isPartOf":{"@id":"https:\/\/bybellavista.fr\/#website"},"datePublished":"2025-01-28T09:57:46+00:00","dateModified":"2025-01-28T09:57:47+00:00","breadcrumb":{"@id":"https:\/\/bybellavista.fr\/index.php\/conditions-generales\/#breadcrumb"},"inLanguage":"fr-FR","potentialAction":[{"@type":"ReadAction","target":["https:\/\/bybellavista.fr\/index.php\/conditions-generales\/"]}]},{"@type":"BreadcrumbList","@id":"https:\/\/bybellavista.fr\/index.php\/conditions-generales\/#breadcrumb","itemListElement":[{"@type":"ListItem","position":1,"name":"Accueil","item":"https:\/\/bybellavista.fr\/"},{"@type":"ListItem","position":2,"name":"Conditions G\u00e9n\u00e9rales"}]},{"@type":"WebSite","@id":"https:\/\/bybellavista.fr\/#website","url":"https:\/\/bybellavista.fr\/","name":"ByBellavista","description":"R\u00eaver, S&#039;\u00e9vader, Vivre","publisher":{"@id":"https:\/\/bybellavista.fr\/#organization"},"potentialAction":[{"@type":"SearchAction","target":{"@type":"EntryPoint","urlTemplate":"https:\/\/bybellavista.fr\/?s={search_term_string}"},"query-input":{"@type":"PropertyValueSpecification","valueRequired":true,"valueName":"search_term_string"}}],"inLanguage":"fr-FR"},{"@type":"Organization","@id":"https:\/\/bybellavista.fr\/#organization","name":"ByBellavista","url":"https:\/\/bybellavista.fr\/","logo":{"@type":"ImageObject","inLanguage":"fr-FR","@id":"https:\/\/bybellavista.fr\/#\/schema\/logo\/image\/","url":"https:\/\/bybellavista.fr\/wp-content\/uploads\/2025\/01\/cropped-Logo-ByB-Small.png","contentUrl":"https:\/\/bybellavista.fr\/wp-content\/uploads\/2025\/01\/cropped-Logo-ByB-Small.png","width":100,"height":85,"caption":"ByBellavista"},"image":{"@id":"https:\/\/bybellavista.fr\/#\/schema\/logo\/image\/"},"sameAs":["https:\/\/www.facebook.com\/bellavista.deargeles"]}]}},"_links":{"self":[{"href":"https:\/\/bybellavista.fr\/index.php\/wp-json\/wp\/v2\/pages\/273","targetHints":{"allow":["GET"]}}],"collection":[{"href":"https:\/\/bybellavista.fr\/index.php\/wp-json\/wp\/v2\/pages"}],"about":[{"href":"https:\/\/bybellavista.fr\/index.php\/wp-json\/wp\/v2\/types\/page"}],"author":[{"embeddable":true,"href":"https:\/\/bybellavista.fr\/index.php\/wp-json\/wp\/v2\/users\/1"}],"replies":[{"embeddable":true,"href":"https:\/\/bybellavista.fr\/index.php\/wp-json\/wp\/v2\/comments?post=273"}],"version-history":[{"count":1,"href":"https:\/\/bybellavista.fr\/index.php\/wp-json\/wp\/v2\/pages\/273\/revisions"}],"predecessor-version":[{"id":274,"href":"https:\/\/bybellavista.fr\/index.php\/wp-json\/wp\/v2\/pages\/273\/revisions\/274"}],"wp:attachment":[{"href":"https:\/\/bybellavista.fr\/index.php\/wp-json\/wp\/v2\/media?parent=273"}],"curies":[{"name":"wp","href":"https:\/\/api.w.org\/{rel}","templated":true}]}}