{"id":92,"date":"2025-01-27T15:31:36","date_gmt":"2025-01-27T14:31:36","guid":{"rendered":"https:\/\/bybellavista.fr\/?page_id=92"},"modified":"2025-05-04T13:55:43","modified_gmt":"2025-05-04T11:55:43","slug":"panoramic-by-bellavista","status":"publish","type":"page","link":"https:\/\/bybellavista.fr\/index.php\/panoramic-by-bellavista\/","title":{"rendered":"Panoramic By Bellavista &#8211; Grande Loggia &#8211; 30m de la plage"},"content":{"rendered":"\n<hr class=\"wp-block-separator has-alpha-channel-opacity\"\/>\n\n\n\n<h3 class=\"wp-block-heading has-accent-color has-text-color has-link-color wp-elements-7ab0d6a6a4133fb24f50af06533614f8\"><strong>Panoramic by Bellavista : Vue exceptionnelle \u00e0 30 m\u00e8tres de la plage<\/strong><\/h3>\n\n\n\n<p>D\u00e9couvrez <strong>Panoramic by Bellavista<\/strong>, un appartement d\u2019exception situ\u00e9 \u00e0 seulement <strong>30 m\u00e8tres de la plage<\/strong>. Avec sa vue imprenable et son emplacement id\u00e9al, ce logement est une v\u00e9ritable invitation \u00e0 la d\u00e9tente et \u00e0 la contemplation.<\/p>\n\n\n\n<p>Au c\u0153ur de la pin\u00e8de et au calme, cet appartement de 40m2 propose en plus une loggia de 9m2 expos\u00e9e Ouest-Nord-Est avec Table et Chaise et vitres int\u00e9grales ouvrables Ouest \u2013 Nord : ouverture id\u00e9ale pour recevoir une fraicheur naturelle et se prot\u00e9ger des embruns.<br>Les commerces familiaux et chaleureux sont \u00e0 moins de 3 min \u00e0 pied.<\/p>\n\n\n\n<p>De nombreux parkings gratuits sont accessibles tr\u00e8s facilement \u00e0 moins de 1 min \u00e0 pieds.<br>La kitchinette est \u00e9quip\u00e9e de tout le confort moderne : four, plaque vitro c\u00e9ramique, r\u00e9frig\u00e9rateur et cong\u00e9lateur, cafeti\u00e8re, micro Onde : attention c\u2019est une kitchinette.<\/p>\n\n\n\n<p>Ce coquet appartement est situ\u00e9 au 4e \u00e9tage (avec ascenseur) d\u2019une r\u00e9sidence de 8 \u00e9tages \u00e0 moins de 30 m de la plage et le calme et l\u2019apaisement sont les ma\u00eetres mots de l\u2019emplacement.<\/p>\n\n\n\n<p>Vous ou vos enfants n\u2019aurez pas de route \u00e0 traverser pour acc\u00e9der \u00e0 la plage.<br>Il est int\u00e9gralement refait&nbsp;\u00e0 neuf avec une d\u00e9coration contemporaine et chaleureuse et il peut accueillir tr\u00e8s confortablement 4 personnes :<br>\u2013 1 lit 140\u00d7200 2 places dans la chambre semi-ouverte sur le s\u00e9jour qui est s\u00e9par\u00e9e par deux armoires<br>\u2013 2 lits superpos\u00e9s 1 place dans la chambre s\u00e9par\u00e9e<br>Le salon est \u00e9quip\u00e9 d\u2019une t\u00e9l\u00e9vision \u00e0 \u00e9cran plat,&nbsp;une table basse et une table de repas avec&nbsp;chaises compl\u00e8te l\u2019ensemble dans la loggia<\/p>\n\n\n\n<p>La salle de bain poss\u00e8de une&nbsp;douche de 110\u00d790, un grand lavabo et une machine \u00e0 laver s\u00e9chante.<\/p>\n\n\n\n<p>Les WC sont s\u00e9par\u00e9s.<\/p>\n\n\n\n<p>Le parking est facilit\u00e9 avec de nombreuses places alentours.<\/p>\n\n\n\n<hr class=\"wp-block-separator has-alpha-channel-opacity\"\/>\n\n\n\n<h3 class=\"wp-block-heading has-accent-color has-text-color has-link-color wp-elements-be516faf9aac669879b3a798866f8acf\"><strong>Un appartement pens\u00e9 pour votre confort<\/strong><\/h3>\n\n\n\n<ul class=\"wp-block-list\">\n<li><strong>Vue panoramique exceptionnelle :<\/strong> Depuis votre logement, admirez le vert infini des pins, Les Pyr\u00e9n\u00e9es et son mythique Mont Canigou, la M\u00e9diterran\u00e9e, un spectacle \u00e0 savourer \u00e0 toute heure de la journ\u00e9e.<\/li>\n\n\n\n<li><strong>Proximit\u00e9 imm\u00e9diate de la plage :<\/strong> Enfilez vos sandales et rejoignez la plage en moins d\u2019une minute. Vous \u00eates aux premi\u00e8res loges pour profiter du bord de mer sans aucune route \u00e0 traverser pour la s\u00e9curit\u00e9 des petits et des grands.<\/li>\n\n\n\n<li><strong>Espaces modernes et accueillants :<\/strong> Cet appartement lumineux dispose d\u2019un s\u00e9jour spacieux, d\u2019une kitchenette bien \u00e9quip\u00e9e, d\u2019une chambre confortable et d\u2019une salle de bain moderne. La d\u00e9coration \u00e9l\u00e9gante et chaleureuse compl\u00e8te ce cadre parfait.<\/li>\n\n\n\n<li><strong>\u00c9quipements haut de gamme :<\/strong> Wi-Fi, enceinte connect\u00e9e et tout ce dont vous avez besoin pour un s\u00e9jour relaxant.<\/li>\n<\/ul>\n\n\n\n<hr class=\"wp-block-separator has-alpha-channel-opacity\"\/>\n\n\n\n<h3 class=\"wp-block-heading has-accent-color has-text-color has-link-color wp-elements-6df860c9de3bfcdedb2097c44bddbdb0\"><strong>Pourquoi choisir Panoramic by Bellavista ?<\/strong><\/h3>\n\n\n\n<ul class=\"wp-block-list\">\n<li><strong>Emplacement privil\u00e9gi\u00e9 :<\/strong> Id\u00e9al pour ceux qui souhaitent vivre au rythme de la mer, cet appartement vous offre un acc\u00e8s facile \u00e0 la plage, mais aussi aux commerces, restaurants et animations locales.<\/li>\n\n\n\n<li><strong>Une exp\u00e9rience inoubliable :<\/strong> Que vous soyez l\u00e0 pour vous d\u00e9tendre ou explorer, vous profiterez d\u2019un environnement paisible, tout en \u00e9tant au c\u0153ur de l\u2019action.<\/li>\n\n\n\n<li><strong>Un accueil personnalis\u00e9 :<\/strong> Louer avec <strong>By Bellavista<\/strong>, c\u2019est b\u00e9n\u00e9ficier de l\u2019expertise de particuliers passionn\u00e9s par leur r\u00e9gion, pr\u00eats \u00e0 partager leurs meilleurs conseils pour un s\u00e9jour sur mesure.<\/li>\n<\/ul>\n\n\n\n<hr class=\"wp-block-separator has-alpha-channel-opacity\"\/>\n\n\n\n<h3 class=\"wp-block-heading has-accent-color has-text-color has-link-color wp-elements-a64f1e999d4f004aafb81350d310c40b\"><strong>Argel\u00e8s-sur-Mer : un cadre exceptionnel<\/strong><\/h3>\n\n\n\n<ul class=\"wp-block-list\">\n<li><strong>Les plaisirs de la plage :<\/strong> Installez votre serviette sur le sable dor\u00e9, laissez-vous bercer par le bruit des vagues, ou profitez des nombreuses activit\u00e9s nautiques propos\u00e9es.<\/li>\n\n\n\n<li><strong>La beaut\u00e9 de la c\u00f4te Vermeille :<\/strong> Explorez les criques et sentiers littoraux, d\u00e9couvrez des villages pittoresques comme <strong>Collioure<\/strong> ou partez \u00e0 l\u2019aventure dans le <strong>Massif des Alb\u00e8res<\/strong>.<\/li>\n\n\n\n<li><strong>Une ambiance vivante :<\/strong> \u00c0 deux pas, profitez des march\u00e9s locaux, des soir\u00e9es anim\u00e9es et de la gastronomie catalane.<\/li>\n<\/ul>\n\n\n\n<hr class=\"wp-block-separator has-alpha-channel-opacity\"\/>\n\n\n\n<h3 class=\"wp-block-heading has-contrast-color has-text-color has-link-color wp-elements-650809fe6e05a1349b04413b8e95f59b\"><strong>R\u00e9servez votre s\u00e9jour d\u00e8s maintenant !<\/strong><\/h3>\n\n\n\n<h4 class=\"wp-block-heading has-accent-color has-text-color has-link-color wp-elements-46a6f328b0dbdf18935557a1071973ed\">Consultez les disponibilit\u00e9s sur <a href=\"https:\/\/www.booking.com\/hotel\/fr\/panoramic-by-bellavista-50m-de-la-plage.fr.html\">cette page<\/a> pour pr\u00e9parer votre s\u00e9jour.<\/h4>\n\n\n\n<h4 class=\"wp-block-heading has-accent-color has-text-color has-link-color wp-elements-4ccead01df0ef7cd3363b3b1181a1e34\"><strong>Contactez-nous directement pour une r\u00e9servation simplifi\u00e9e et une exp\u00e9rience sur mesure : <a href=\"https:\/\/bybellavista.fr\/index.php\/contact\/\" data-type=\"page\" data-id=\"204\">CONTACT<\/a>.<\/strong><\/h4>\n\n\n\n<figure class=\"wp-block-gallery has-nested-images columns-default is-cropped wp-block-gallery-1 is-layout-flex wp-block-gallery-is-layout-flex\">\n<figure class=\"wp-block-image size-large\"><img loading=\"lazy\" decoding=\"async\" width=\"576\" height=\"768\" data-id=\"93\" src=\"https:\/\/bybellavista.fr\/wp-content\/uploads\/2025\/01\/550359443.jpg\" alt=\"\" class=\"wp-image-93\" srcset=\"https:\/\/bybellavista.fr\/wp-content\/uploads\/2025\/01\/550359443.jpg 576w, https:\/\/bybellavista.fr\/wp-content\/uploads\/2025\/01\/550359443-225x300.jpg 225w\" sizes=\"auto, (max-width: 576px) 100vw, 576px\" \/><\/figure>\n\n\n\n<figure class=\"wp-block-image size-large\"><img loading=\"lazy\" decoding=\"async\" width=\"576\" height=\"768\" data-id=\"101\" src=\"https:\/\/bybellavista.fr\/wp-content\/uploads\/2025\/01\/550359571.jpg\" alt=\"\" class=\"wp-image-101\" srcset=\"https:\/\/bybellavista.fr\/wp-content\/uploads\/2025\/01\/550359571.jpg 576w, https:\/\/bybellavista.fr\/wp-content\/uploads\/2025\/01\/550359571-225x300.jpg 225w\" sizes=\"auto, (max-width: 576px) 100vw, 576px\" \/><\/figure>\n\n\n\n<figure class=\"wp-block-image size-large\"><img loading=\"lazy\" decoding=\"async\" width=\"576\" height=\"768\" data-id=\"97\" src=\"https:\/\/bybellavista.fr\/wp-content\/uploads\/2025\/01\/550359585.jpg\" alt=\"\" class=\"wp-image-97\" srcset=\"https:\/\/bybellavista.fr\/wp-content\/uploads\/2025\/01\/550359585.jpg 576w, https:\/\/bybellavista.fr\/wp-content\/uploads\/2025\/01\/550359585-225x300.jpg 225w\" sizes=\"auto, (max-width: 576px) 100vw, 576px\" \/><\/figure>\n\n\n\n<figure class=\"wp-block-image size-large\"><img loading=\"lazy\" decoding=\"async\" width=\"576\" height=\"768\" data-id=\"102\" src=\"https:\/\/bybellavista.fr\/wp-content\/uploads\/2025\/01\/550359605.jpg\" alt=\"\" class=\"wp-image-102\" srcset=\"https:\/\/bybellavista.fr\/wp-content\/uploads\/2025\/01\/550359605.jpg 576w, https:\/\/bybellavista.fr\/wp-content\/uploads\/2025\/01\/550359605-225x300.jpg 225w\" sizes=\"auto, (max-width: 576px) 100vw, 576px\" \/><\/figure>\n\n\n\n<figure class=\"wp-block-image size-large\"><img loading=\"lazy\" decoding=\"async\" width=\"576\" height=\"768\" data-id=\"105\" src=\"https:\/\/bybellavista.fr\/wp-content\/uploads\/2025\/01\/550359617.jpg\" alt=\"\" class=\"wp-image-105\" srcset=\"https:\/\/bybellavista.fr\/wp-content\/uploads\/2025\/01\/550359617.jpg 576w, https:\/\/bybellavista.fr\/wp-content\/uploads\/2025\/01\/550359617-225x300.jpg 225w\" sizes=\"auto, (max-width: 576px) 100vw, 576px\" \/><\/figure>\n\n\n\n<figure class=\"wp-block-image size-large\"><img loading=\"lazy\" decoding=\"async\" width=\"576\" height=\"768\" data-id=\"107\" src=\"https:\/\/bybellavista.fr\/wp-content\/uploads\/2025\/01\/570630490.jpg\" alt=\"\" class=\"wp-image-107\" srcset=\"https:\/\/bybellavista.fr\/wp-content\/uploads\/2025\/01\/570630490.jpg 576w, https:\/\/bybellavista.fr\/wp-content\/uploads\/2025\/01\/570630490-225x300.jpg 225w\" sizes=\"auto, (max-width: 576px) 100vw, 576px\" \/><\/figure>\n\n\n\n<figure class=\"wp-block-image size-large\"><img loading=\"lazy\" decoding=\"async\" width=\"576\" height=\"768\" data-id=\"106\" src=\"https:\/\/bybellavista.fr\/wp-content\/uploads\/2025\/01\/570630491.jpg\" alt=\"\" class=\"wp-image-106\" srcset=\"https:\/\/bybellavista.fr\/wp-content\/uploads\/2025\/01\/570630491.jpg 576w, https:\/\/bybellavista.fr\/wp-content\/uploads\/2025\/01\/570630491-225x300.jpg 225w\" sizes=\"auto, (max-width: 576px) 100vw, 576px\" \/><\/figure>\n\n\n\n<figure class=\"wp-block-image size-large\"><img loading=\"lazy\" decoding=\"async\" width=\"576\" height=\"768\" data-id=\"94\" src=\"https:\/\/bybellavista.fr\/wp-content\/uploads\/2025\/01\/570631016.jpg\" alt=\"\" class=\"wp-image-94\" srcset=\"https:\/\/bybellavista.fr\/wp-content\/uploads\/2025\/01\/570631016.jpg 576w, https:\/\/bybellavista.fr\/wp-content\/uploads\/2025\/01\/570631016-225x300.jpg 225w\" sizes=\"auto, (max-width: 576px) 100vw, 576px\" \/><\/figure>\n\n\n\n<figure class=\"wp-block-image size-large\"><img loading=\"lazy\" decoding=\"async\" width=\"576\" height=\"768\" data-id=\"100\" src=\"https:\/\/bybellavista.fr\/wp-content\/uploads\/2025\/01\/570631020.jpg\" alt=\"\" class=\"wp-image-100\" srcset=\"https:\/\/bybellavista.fr\/wp-content\/uploads\/2025\/01\/570631020.jpg 576w, https:\/\/bybellavista.fr\/wp-content\/uploads\/2025\/01\/570631020-225x300.jpg 225w\" sizes=\"auto, (max-width: 576px) 100vw, 576px\" \/><\/figure>\n\n\n\n<figure class=\"wp-block-image size-large\"><img loading=\"lazy\" decoding=\"async\" width=\"576\" height=\"768\" data-id=\"103\" src=\"https:\/\/bybellavista.fr\/wp-content\/uploads\/2025\/01\/570631031.jpg\" alt=\"\" class=\"wp-image-103\" srcset=\"https:\/\/bybellavista.fr\/wp-content\/uploads\/2025\/01\/570631031.jpg 576w, https:\/\/bybellavista.fr\/wp-content\/uploads\/2025\/01\/570631031-225x300.jpg 225w\" sizes=\"auto, (max-width: 576px) 100vw, 576px\" \/><\/figure>\n\n\n\n<figure class=\"wp-block-image size-large\"><img loading=\"lazy\" decoding=\"async\" width=\"576\" height=\"768\" data-id=\"96\" src=\"https:\/\/bybellavista.fr\/wp-content\/uploads\/2025\/01\/550359633.jpg\" alt=\"\" class=\"wp-image-96\" srcset=\"https:\/\/bybellavista.fr\/wp-content\/uploads\/2025\/01\/550359633.jpg 576w, https:\/\/bybellavista.fr\/wp-content\/uploads\/2025\/01\/550359633-225x300.jpg 225w\" sizes=\"auto, (max-width: 576px) 100vw, 576px\" \/><\/figure>\n\n\n\n<figure class=\"wp-block-image size-large\"><img loading=\"lazy\" decoding=\"async\" width=\"576\" height=\"768\" data-id=\"98\" src=\"https:\/\/bybellavista.fr\/wp-content\/uploads\/2025\/01\/550359553.jpg\" alt=\"\" class=\"wp-image-98\" srcset=\"https:\/\/bybellavista.fr\/wp-content\/uploads\/2025\/01\/550359553.jpg 576w, https:\/\/bybellavista.fr\/wp-content\/uploads\/2025\/01\/550359553-225x300.jpg 225w\" sizes=\"auto, (max-width: 576px) 100vw, 576px\" \/><\/figure>\n\n\n\n<figure class=\"wp-block-image size-large\"><img loading=\"lazy\" decoding=\"async\" width=\"576\" height=\"768\" data-id=\"99\" src=\"https:\/\/bybellavista.fr\/wp-content\/uploads\/2025\/01\/550359650.jpg\" alt=\"\" class=\"wp-image-99\" srcset=\"https:\/\/bybellavista.fr\/wp-content\/uploads\/2025\/01\/550359650.jpg 576w, https:\/\/bybellavista.fr\/wp-content\/uploads\/2025\/01\/550359650-225x300.jpg 225w\" sizes=\"auto, (max-width: 576px) 100vw, 576px\" \/><\/figure>\n\n\n\n<figure class=\"wp-block-image size-large\"><img loading=\"lazy\" decoding=\"async\" width=\"771\" height=\"768\" data-id=\"104\" src=\"https:\/\/bybellavista.fr\/wp-content\/uploads\/2025\/01\/552822075.jpg\" alt=\"\" class=\"wp-image-104\" srcset=\"https:\/\/bybellavista.fr\/wp-content\/uploads\/2025\/01\/552822075.jpg 771w, https:\/\/bybellavista.fr\/wp-content\/uploads\/2025\/01\/552822075-300x300.jpg 300w, https:\/\/bybellavista.fr\/wp-content\/uploads\/2025\/01\/552822075-150x150.jpg 150w, https:\/\/bybellavista.fr\/wp-content\/uploads\/2025\/01\/552822075-768x765.jpg 768w\" sizes=\"auto, (max-width: 771px) 100vw, 771px\" \/><\/figure>\n\n\n\n<figure class=\"wp-block-image size-large\"><img loading=\"lazy\" decoding=\"async\" width=\"500\" height=\"500\" data-id=\"41\" src=\"https:\/\/bybellavista.fr\/wp-content\/uploads\/2025\/01\/368760955.jpg\" alt=\"\" class=\"wp-image-41\" srcset=\"https:\/\/bybellavista.fr\/wp-content\/uploads\/2025\/01\/368760955.jpg 500w, https:\/\/bybellavista.fr\/wp-content\/uploads\/2025\/01\/368760955-300x300.jpg 300w, https:\/\/bybellavista.fr\/wp-content\/uploads\/2025\/01\/368760955-150x150.jpg 150w\" sizes=\"auto, (max-width: 500px) 100vw, 500px\" \/><\/figure>\n\n\n\n<figure class=\"wp-block-image size-large\"><a href=\"https:\/\/bybellavista.fr\/wp-content\/uploads\/2025\/01\/552821914.jpg\"><img loading=\"lazy\" decoding=\"async\" width=\"857\" height=\"746\" data-id=\"95\" src=\"https:\/\/bybellavista.fr\/wp-content\/uploads\/2025\/01\/552821914.jpg\" alt=\"\" class=\"wp-image-95\" srcset=\"https:\/\/bybellavista.fr\/wp-content\/uploads\/2025\/01\/552821914.jpg 857w, https:\/\/bybellavista.fr\/wp-content\/uploads\/2025\/01\/552821914-300x261.jpg 300w, https:\/\/bybellavista.fr\/wp-content\/uploads\/2025\/01\/552821914-768x669.jpg 768w\" sizes=\"auto, (max-width: 857px) 100vw, 857px\" \/><\/a><\/figure>\n<\/figure>\n","protected":false},"excerpt":{"rendered":"<p>Panoramic by Bellavista : Vue exceptionnelle \u00e0 30 m\u00e8tres de la plage D\u00e9couvrez Panoramic by Bellavista, un appartement d\u2019exception situ\u00e9 \u00e0 seulement 30 m\u00e8tres de la plage. Avec sa vue imprenable et son emplacement id\u00e9al, ce logement est une v\u00e9ritable invitation \u00e0 la d\u00e9tente et \u00e0 la contemplation. Au c\u0153ur de la pin\u00e8de et au &#8230; <a title=\"Panoramic By Bellavista &#8211; Grande Loggia &#8211; 30m de la plage\" class=\"read-more\" href=\"https:\/\/bybellavista.fr\/index.php\/panoramic-by-bellavista\/\" aria-label=\"En savoir plus sur Panoramic By Bellavista &#8211; Grande Loggia &#8211; 30m de la plage\">Lire la suite<\/a><\/p>\n","protected":false},"author":1,"featured_media":0,"parent":0,"menu_order":0,"comment_status":"closed","ping_status":"closed","template":"","meta":{"footnotes":""},"class_list":["post-92","page","type-page","status-publish"],"yoast_head":"<!-- This site is optimized with the Yoast SEO plugin v27.0 - https:\/\/yoast.com\/product\/yoast-seo-wordpress\/ -->\n<title>Panoramic By Bellavista - Grande Loggia - 30m de la plage - ByBellavista<\/title>\n<meta name=\"robots\" content=\"index, follow, max-snippet:-1, max-image-preview:large, max-video-preview:-1\" \/>\n<link rel=\"canonical\" href=\"https:\/\/bybellavista.fr\/index.php\/panoramic-by-bellavista\/\" \/>\n<meta property=\"og:locale\" content=\"fr_FR\" \/>\n<meta property=\"og:type\" content=\"article\" \/>\n<meta property=\"og:title\" content=\"Panoramic By Bellavista - Grande Loggia - 30m de la plage - ByBellavista\" \/>\n<meta property=\"og:description\" content=\"Panoramic by Bellavista : Vue exceptionnelle \u00e0 30 m\u00e8tres de la plage D\u00e9couvrez Panoramic by Bellavista, un appartement d\u2019exception situ\u00e9 \u00e0 seulement 30 m\u00e8tres de la plage. Avec sa vue imprenable et son emplacement id\u00e9al, ce logement est une v\u00e9ritable invitation \u00e0 la d\u00e9tente et \u00e0 la contemplation. Au c\u0153ur de la pin\u00e8de et au ... Lire la suite\" \/>\n<meta property=\"og:url\" content=\"https:\/\/bybellavista.fr\/index.php\/panoramic-by-bellavista\/\" \/>\n<meta property=\"og:site_name\" content=\"ByBellavista\" \/>\n<meta property=\"article:publisher\" content=\"https:\/\/www.facebook.com\/bellavista.deargeles\" \/>\n<meta property=\"article:modified_time\" content=\"2025-05-04T11:55:43+00:00\" \/>\n<meta property=\"og:image\" content=\"https:\/\/bybellavista.fr\/wp-content\/uploads\/2025\/01\/550359443.jpg\" \/>\n\t<meta property=\"og:image:width\" content=\"576\" \/>\n\t<meta property=\"og:image:height\" content=\"768\" \/>\n\t<meta property=\"og:image:type\" content=\"image\/jpeg\" \/>\n<meta name=\"twitter:card\" content=\"summary_large_image\" \/>\n<meta name=\"twitter:label1\" content=\"Dur\u00e9e de lecture estim\u00e9e\" \/>\n\t<meta name=\"twitter:data1\" content=\"3 minutes\" \/>\n<script type=\"application\/ld+json\" class=\"yoast-schema-graph\">{\"@context\":\"https:\/\/schema.org\",\"@graph\":[{\"@type\":\"WebPage\",\"@id\":\"https:\/\/bybellavista.fr\/index.php\/panoramic-by-bellavista\/\",\"url\":\"https:\/\/bybellavista.fr\/index.php\/panoramic-by-bellavista\/\",\"name\":\"Panoramic By Bellavista - Grande Loggia - 30m de la plage - ByBellavista\",\"isPartOf\":{\"@id\":\"https:\/\/bybellavista.fr\/#website\"},\"primaryImageOfPage\":{\"@id\":\"https:\/\/bybellavista.fr\/index.php\/panoramic-by-bellavista\/#primaryimage\"},\"image\":{\"@id\":\"https:\/\/bybellavista.fr\/index.php\/panoramic-by-bellavista\/#primaryimage\"},\"thumbnailUrl\":\"https:\/\/bybellavista.fr\/wp-content\/uploads\/2025\/01\/550359443.jpg\",\"datePublished\":\"2025-01-27T14:31:36+00:00\",\"dateModified\":\"2025-05-04T11:55:43+00:00\",\"breadcrumb\":{\"@id\":\"https:\/\/bybellavista.fr\/index.php\/panoramic-by-bellavista\/#breadcrumb\"},\"inLanguage\":\"fr-FR\",\"potentialAction\":[{\"@type\":\"ReadAction\",\"target\":[\"https:\/\/bybellavista.fr\/index.php\/panoramic-by-bellavista\/\"]}]},{\"@type\":\"ImageObject\",\"inLanguage\":\"fr-FR\",\"@id\":\"https:\/\/bybellavista.fr\/index.php\/panoramic-by-bellavista\/#primaryimage\",\"url\":\"https:\/\/bybellavista.fr\/wp-content\/uploads\/2025\/01\/550359443.jpg\",\"contentUrl\":\"https:\/\/bybellavista.fr\/wp-content\/uploads\/2025\/01\/550359443.jpg\",\"width\":576,\"height\":768},{\"@type\":\"BreadcrumbList\",\"@id\":\"https:\/\/bybellavista.fr\/index.php\/panoramic-by-bellavista\/#breadcrumb\",\"itemListElement\":[{\"@type\":\"ListItem\",\"position\":1,\"name\":\"Accueil\",\"item\":\"https:\/\/bybellavista.fr\/\"},{\"@type\":\"ListItem\",\"position\":2,\"name\":\"Panoramic By Bellavista &#8211; Grande Loggia &#8211; 30m de la plage\"}]},{\"@type\":\"WebSite\",\"@id\":\"https:\/\/bybellavista.fr\/#website\",\"url\":\"https:\/\/bybellavista.fr\/\",\"name\":\"ByBellavista\",\"description\":\"R\u00eaver, S&#039;\u00e9vader, Vivre\",\"publisher\":{\"@id\":\"https:\/\/bybellavista.fr\/#organization\"},\"potentialAction\":[{\"@type\":\"SearchAction\",\"target\":{\"@type\":\"EntryPoint\",\"urlTemplate\":\"https:\/\/bybellavista.fr\/?s={search_term_string}\"},\"query-input\":{\"@type\":\"PropertyValueSpecification\",\"valueRequired\":true,\"valueName\":\"search_term_string\"}}],\"inLanguage\":\"fr-FR\"},{\"@type\":\"Organization\",\"@id\":\"https:\/\/bybellavista.fr\/#organization\",\"name\":\"ByBellavista\",\"url\":\"https:\/\/bybellavista.fr\/\",\"logo\":{\"@type\":\"ImageObject\",\"inLanguage\":\"fr-FR\",\"@id\":\"https:\/\/bybellavista.fr\/#\/schema\/logo\/image\/\",\"url\":\"https:\/\/bybellavista.fr\/wp-content\/uploads\/2025\/01\/cropped-Logo-ByB-Small.png\",\"contentUrl\":\"https:\/\/bybellavista.fr\/wp-content\/uploads\/2025\/01\/cropped-Logo-ByB-Small.png\",\"width\":100,\"height\":85,\"caption\":\"ByBellavista\"},\"image\":{\"@id\":\"https:\/\/bybellavista.fr\/#\/schema\/logo\/image\/\"},\"sameAs\":[\"https:\/\/www.facebook.com\/bellavista.deargeles\"]}]}<\/script>\n<!-- \/ Yoast SEO plugin. -->","yoast_head_json":{"title":"Panoramic By Bellavista - Grande Loggia - 30m de la plage - ByBellavista","robots":{"index":"index","follow":"follow","max-snippet":"max-snippet:-1","max-image-preview":"max-image-preview:large","max-video-preview":"max-video-preview:-1"},"canonical":"https:\/\/bybellavista.fr\/index.php\/panoramic-by-bellavista\/","og_locale":"fr_FR","og_type":"article","og_title":"Panoramic By Bellavista - Grande Loggia - 30m de la plage - ByBellavista","og_description":"Panoramic by Bellavista : Vue exceptionnelle \u00e0 30 m\u00e8tres de la plage D\u00e9couvrez Panoramic by Bellavista, un appartement d\u2019exception situ\u00e9 \u00e0 seulement 30 m\u00e8tres de la plage. Avec sa vue imprenable et son emplacement id\u00e9al, ce logement est une v\u00e9ritable invitation \u00e0 la d\u00e9tente et \u00e0 la contemplation. Au c\u0153ur de la pin\u00e8de et au ... Lire la suite","og_url":"https:\/\/bybellavista.fr\/index.php\/panoramic-by-bellavista\/","og_site_name":"ByBellavista","article_publisher":"https:\/\/www.facebook.com\/bellavista.deargeles","article_modified_time":"2025-05-04T11:55:43+00:00","og_image":[{"width":576,"height":768,"url":"https:\/\/bybellavista.fr\/wp-content\/uploads\/2025\/01\/550359443.jpg","type":"image\/jpeg"}],"twitter_card":"summary_large_image","twitter_misc":{"Dur\u00e9e de lecture estim\u00e9e":"3 minutes"},"schema":{"@context":"https:\/\/schema.org","@graph":[{"@type":"WebPage","@id":"https:\/\/bybellavista.fr\/index.php\/panoramic-by-bellavista\/","url":"https:\/\/bybellavista.fr\/index.php\/panoramic-by-bellavista\/","name":"Panoramic By Bellavista - Grande Loggia - 30m de la plage - ByBellavista","isPartOf":{"@id":"https:\/\/bybellavista.fr\/#website"},"primaryImageOfPage":{"@id":"https:\/\/bybellavista.fr\/index.php\/panoramic-by-bellavista\/#primaryimage"},"image":{"@id":"https:\/\/bybellavista.fr\/index.php\/panoramic-by-bellavista\/#primaryimage"},"thumbnailUrl":"https:\/\/bybellavista.fr\/wp-content\/uploads\/2025\/01\/550359443.jpg","datePublished":"2025-01-27T14:31:36+00:00","dateModified":"2025-05-04T11:55:43+00:00","breadcrumb":{"@id":"https:\/\/bybellavista.fr\/index.php\/panoramic-by-bellavista\/#breadcrumb"},"inLanguage":"fr-FR","potentialAction":[{"@type":"ReadAction","target":["https:\/\/bybellavista.fr\/index.php\/panoramic-by-bellavista\/"]}]},{"@type":"ImageObject","inLanguage":"fr-FR","@id":"https:\/\/bybellavista.fr\/index.php\/panoramic-by-bellavista\/#primaryimage","url":"https:\/\/bybellavista.fr\/wp-content\/uploads\/2025\/01\/550359443.jpg","contentUrl":"https:\/\/bybellavista.fr\/wp-content\/uploads\/2025\/01\/550359443.jpg","width":576,"height":768},{"@type":"BreadcrumbList","@id":"https:\/\/bybellavista.fr\/index.php\/panoramic-by-bellavista\/#breadcrumb","itemListElement":[{"@type":"ListItem","position":1,"name":"Accueil","item":"https:\/\/bybellavista.fr\/"},{"@type":"ListItem","position":2,"name":"Panoramic By Bellavista &#8211; Grande Loggia &#8211; 30m de la plage"}]},{"@type":"WebSite","@id":"https:\/\/bybellavista.fr\/#website","url":"https:\/\/bybellavista.fr\/","name":"ByBellavista","description":"R\u00eaver, S&#039;\u00e9vader, Vivre","publisher":{"@id":"https:\/\/bybellavista.fr\/#organization"},"potentialAction":[{"@type":"SearchAction","target":{"@type":"EntryPoint","urlTemplate":"https:\/\/bybellavista.fr\/?s={search_term_string}"},"query-input":{"@type":"PropertyValueSpecification","valueRequired":true,"valueName":"search_term_string"}}],"inLanguage":"fr-FR"},{"@type":"Organization","@id":"https:\/\/bybellavista.fr\/#organization","name":"ByBellavista","url":"https:\/\/bybellavista.fr\/","logo":{"@type":"ImageObject","inLanguage":"fr-FR","@id":"https:\/\/bybellavista.fr\/#\/schema\/logo\/image\/","url":"https:\/\/bybellavista.fr\/wp-content\/uploads\/2025\/01\/cropped-Logo-ByB-Small.png","contentUrl":"https:\/\/bybellavista.fr\/wp-content\/uploads\/2025\/01\/cropped-Logo-ByB-Small.png","width":100,"height":85,"caption":"ByBellavista"},"image":{"@id":"https:\/\/bybellavista.fr\/#\/schema\/logo\/image\/"},"sameAs":["https:\/\/www.facebook.com\/bellavista.deargeles"]}]}},"_links":{"self":[{"href":"https:\/\/bybellavista.fr\/index.php\/wp-json\/wp\/v2\/pages\/92","targetHints":{"allow":["GET"]}}],"collection":[{"href":"https:\/\/bybellavista.fr\/index.php\/wp-json\/wp\/v2\/pages"}],"about":[{"href":"https:\/\/bybellavista.fr\/index.php\/wp-json\/wp\/v2\/types\/page"}],"author":[{"embeddable":true,"href":"https:\/\/bybellavista.fr\/index.php\/wp-json\/wp\/v2\/users\/1"}],"replies":[{"embeddable":true,"href":"https:\/\/bybellavista.fr\/index.php\/wp-json\/wp\/v2\/comments?post=92"}],"version-history":[{"count":13,"href":"https:\/\/bybellavista.fr\/index.php\/wp-json\/wp\/v2\/pages\/92\/revisions"}],"predecessor-version":[{"id":474,"href":"https:\/\/bybellavista.fr\/index.php\/wp-json\/wp\/v2\/pages\/92\/revisions\/474"}],"wp:attachment":[{"href":"https:\/\/bybellavista.fr\/index.php\/wp-json\/wp\/v2\/media?parent=92"}],"curies":[{"name":"wp","href":"https:\/\/api.w.org\/{rel}","templated":true}]}}